{"id":12,"date":"2025-12-09T20:42:48","date_gmt":"2025-12-09T20:42:48","guid":{"rendered":"https:\/\/beta.ski-lappersdorf.de\/?page_id=12"},"modified":"2025-12-09T20:43:00","modified_gmt":"2025-12-09T20:43:00","slug":"verein","status":"publish","type":"page","link":"https:\/\/beta.ski-lappersdorf.de\/index.php\/verein\/","title":{"rendered":"Verein"},"content":{"rendered":"\n<h2 class=\"wp-block-heading\">Abteilung<\/h2>\n\n\n\n<h3 class=\"wp-block-heading\">Die Ski- und Bergsportabteilung stellt sich vor<\/h3>\n\n\n\n<p>Die Ski- und Bergsportabteilung der TSV-Kareth Lappersdorf besteht nun schon seit \u00fcber 50 Jahren. Viele Fahrten und Events haben seither stattgefunden \u2013 und es werden immer mehr!<br>F\u00fcr unsere Mitglieder und G\u00e4ste organisieren wir viele Tages- und Mehrtagesfahrten mit allen Schwierigkeitsgraden.<br>Ob Anf\u00e4nger, Fortgeschrittener, Tourengeher oder Boarder, f\u00fcr jeden haben wir einen passenden Lehrer und Begleiter.<br>Besonders hervorzuheben ist unsere Kompetenz und unser Engagement beim Blindenskilauf.<\/p>\n\n\n\n<h3 class=\"wp-block-heading\">Abteilungsleitung<\/h3>\n\n\n\n<div class=\"wp-block-group is-layout-grid wp-container-core-group-is-layout-478b6e6b wp-block-group-is-layout-grid\">\n<div class=\"wp-block-group has-global-padding is-layout-constrained wp-block-group-is-layout-constrained\">\n<h4 class=\"wp-block-heading\">1. Abteilungsleiter<\/h4>\n\n\n\n<p>Harald Koch<br><a href=\"mailto:ski@tsv-karethlappersdorf.de\">ski [\u00e4t] tsv-karethlappersdorf.de<\/a><\/p>\n<\/div>\n\n\n\n<div class=\"wp-block-group has-global-padding is-layout-constrained wp-block-group-is-layout-constrained\">\n<h4 class=\"wp-block-heading\">2. Abteilungsleiter<\/h4>\n\n\n\n<p>Nico Kroseberg<br><a href=\"mailto:ski@tsv-karethlappersdorf.de\">ski [\u00e4t] tsv-karethlappersdorf.de<\/a><\/p>\n<\/div>\n\n\n\n<div class=\"wp-block-group has-global-padding is-layout-constrained wp-block-group-is-layout-constrained\">\n<h4 class=\"wp-block-heading\">Kassier<\/h4>\n\n\n\n<p>Markus K\u00fcster<br><a href=\"mailto:kassier.ski@tsv-karethlappersdorf.de\">kassier.ski [\u00e4t] tsv-karethlappersdorf.de<\/a><\/p>\n<\/div>\n\n\n\n<div class=\"wp-block-group has-global-padding is-layout-constrained wp-block-group-is-layout-constrained\">\n<h4 class=\"wp-block-heading\">1. Jugendleiter<\/h4>\n\n\n\n<p>Samuel Horn<br><a href=\"mailto:jugend.ski@tsv-karethlappersdorf.de\">jugend.ski [\u00e4t] tsv-karethlappersdorf.de<\/a><\/p>\n<\/div>\n\n\n\n<div class=\"wp-block-group has-global-padding is-layout-constrained wp-block-group-is-layout-constrained\">\n<h4 class=\"wp-block-heading\">2. Jugendleiterin<\/h4>\n\n\n\n<p>Emily Ehbauer<br><a href=\"mailto:jugend.ski@tsv-karethlappersdorf.de\">jugend.ski [\u00e4t] tsv-karethlappersdorf.de<\/a><\/p>\n<\/div>\n\n\n\n<div class=\"wp-block-group has-global-padding is-layout-constrained wp-block-group-is-layout-constrained\">\n<h4 class=\"wp-block-heading\">1. Sportwart alpin<\/h4>\n\n\n\n<p>Vitus Ascher<br><a href=\"mailto:sportwart.ski@tsv-karethlappersdorf.de\">sportwart.ski [\u00e4t] tsv-karethlappersdorf.de<\/a><\/p>\n<\/div>\n\n\n\n<div class=\"wp-block-group has-global-padding is-layout-constrained wp-block-group-is-layout-constrained\">\n<h4 class=\"wp-block-heading\">2. Sportwartin alpin<\/h4>\n\n\n\n<p>Katharina Geisler<br><a href=\"mailto:sportwart.ski@tsv-karethlappersdorf.de\">sportwart.ski [\u00e4t] tsv-karethlappersdorf.de<\/a><\/p>\n<\/div>\n\n\n\n<div class=\"wp-block-group has-global-padding is-layout-constrained wp-block-group-is-layout-constrained\">\n<h4 class=\"wp-block-heading\">\u00dcbungsleiter-Koordinatorin<\/h4>\n\n\n\n<p>Conny Niesner<br><a href=\"mailto:erwachsenentraining.ski@tsv-karethlappersdorf.de\">erwachsenentraining.ski [\u00e4t] tsv-karethlappersdorf.de<\/a><\/p>\n<\/div>\n\n\n\n<div class=\"wp-block-group has-global-padding is-layout-constrained wp-block-group-is-layout-constrained\">\n<h4 class=\"wp-block-heading\">Sommerprogramm-Koordinator<\/h4>\n\n\n\n<p>N.N.<br><\/p>\n<\/div>\n\n\n\n<div class=\"wp-block-group has-global-padding is-layout-constrained wp-block-group-is-layout-constrained\">\n<h4 class=\"wp-block-heading\">Reiseorganisator<\/h4>\n\n\n\n<p>Rolf Kroseberg<br><a href=\"mailto:tsv.kala@web.de\">tsv.kala [\u00e4t] web.de<\/a><\/p>\n<\/div>\n\n\n\n<div class=\"wp-block-group has-global-padding is-layout-constrained wp-block-group-is-layout-constrained\">\n<h4 class=\"wp-block-heading\">Anmeldung\/Verwaltung<\/h4>\n\n\n\n<p>Evi Kroseberg<br><a href=\"mailto:an.ski@tsv-kala.de\">an.ski [\u00e4t] tsv-kala.de<\/a><\/p>\n<\/div>\n\n\n\n<div class=\"wp-block-group has-global-padding is-layout-constrained wp-block-group-is-layout-constrained\">\n<h4 class=\"wp-block-heading\">H\u00fcttenwart (technische Leitung)<\/h4>\n\n\n\n<p>Jan Kirchberger<br><a href=\"mailto:schneiderberg@ski-lappersdorf.de\">schneiderberg [\u00e4t] ski-lappersdorf.de<\/a><\/p>\n<\/div>\n\n\n\n<div class=\"wp-block-group has-global-padding is-layout-constrained wp-block-group-is-layout-constrained\">\n<h4 class=\"wp-block-heading\">H\u00fcttenwart (kaufm\u00e4nnische Leitung)<\/h4>\n\n\n\n<p>Markus K\u00fcster<br>Christoph Schramm (stellvertr.)<br><a href=\"mailto:schneiderberg@ski-lappersdorf.de\">schneiderberg [\u00e4t] ski-lappersdorf.de<\/a><\/p>\n<\/div>\n\n\n\n<div class=\"wp-block-group has-global-padding is-layout-constrained wp-block-group-is-layout-constrained\">\n<h4 class=\"wp-block-heading\">Schriftf\u00fchrerin<\/h4>\n\n\n\n<p>Eva Jung<br><a href=\"mailto:schriftfuehrer.ski@tsv-karethlappersdorf.de\">schriftfuehrer.ski [\u00e4t] tsv-karethlappersdorf.de<\/a><\/p>\n<\/div>\n\n\n\n<div class=\"wp-block-group has-global-padding is-layout-constrained wp-block-group-is-layout-constrained\">\n<h4 class=\"wp-block-heading\">Pressewart<\/h4>\n\n\n\n<p>Paul Intveen<br><a href=\"https:\/\/ski-lappersdorf.de\/verein\/paul.intveen@blind.ski\">paul.intveen [\u00e4t] blind.ski<\/a><\/p>\n<\/div>\n\n\n\n<div class=\"wp-block-group has-global-padding is-layout-constrained wp-block-group-is-layout-constrained\">\n<h4 class=\"wp-block-heading\">Homepage<\/h4>\n\n\n\n<p>Christoph Schramm<br><a href=\"mailto:homepage@ski-lappersdorf.de\">homepage [\u00e4t] ski-lappersdorf.de<\/a><\/p>\n<\/div>\n\n\n\n<div class=\"wp-block-group has-global-padding is-layout-constrained wp-block-group-is-layout-constrained\">\n<h4 class=\"wp-block-heading\">Skibasar<\/h4>\n\n\n\n<p>Markus K\u00fcster<br><a href=\"mailto:kassier.ski@tsv-karethlappersdorf.de\">kassier.ski [\u00e4t] tsv-karethlappersdorf.de<\/a><\/p>\n<\/div>\n<\/div>\n","protected":false},"excerpt":{"rendered":"<p>Abteilung Die Ski- und Bergsportabteilung stellt sich vor Die Ski- und Bergsportabteilung der TSV-Kareth Lappersdorf besteht nun schon seit \u00fcber 50 Jahren. Viele Fahrten und Events haben seither stattgefunden \u2013 [&hellip;]<\/p>\n","protected":false},"author":1,"featured_media":0,"parent":0,"menu_order":0,"comment_status":"closed","ping_status":"closed","template":"","meta":{"advanced_seo_description":"","jetpack_seo_html_title":"","jetpack_seo_noindex":false,"_EventAllDay":false,"_EventTimezone":"","_EventStartDate":"","_EventEndDate":"","_EventStartDateUTC":"","_EventEndDateUTC":"","_EventShowMap":false,"_EventShowMapLink":false,"_EventURL":"","_EventCost":"","_EventCostDescription":"","_EventCurrencySymbol":"","_EventCurrencyCode":"","_EventCurrencyPosition":"","_EventDateTimeSeparator":"","_EventTimeRangeSeparator":"","_EventOrganizerID":[],"_EventVenueID":[],"_OrganizerEmail":"","_OrganizerPhone":"","_OrganizerWebsite":"","_VenueAddress":"","_VenueCity":"","_VenueCountry":"","_VenueProvince":"","_VenueState":"","_VenueZip":"","_VenuePhone":"","_VenueURL":"","_VenueStateProvince":"","_VenueLat":"","_VenueLng":"","_VenueShowMap":false,"_VenueShowMapLink":false,"footnotes":""},"class_list":["post-12","page","type-page","status-publish","hentry"],"jetpack_sharing_enabled":true,"_links":{"self":[{"href":"https:\/\/beta.ski-lappersdorf.de\/index.php\/wp-json\/wp\/v2\/pages\/12","targetHints":{"allow":["GET"]}}],"collection":[{"href":"https:\/\/beta.ski-lappersdorf.de\/index.php\/wp-json\/wp\/v2\/pages"}],"about":[{"href":"https:\/\/beta.ski-lappersdorf.de\/index.php\/wp-json\/wp\/v2\/types\/page"}],"author":[{"embeddable":true,"href":"https:\/\/beta.ski-lappersdorf.de\/index.php\/wp-json\/wp\/v2\/users\/1"}],"replies":[{"embeddable":true,"href":"https:\/\/beta.ski-lappersdorf.de\/index.php\/wp-json\/wp\/v2\/comments?post=12"}],"version-history":[{"count":2,"href":"https:\/\/beta.ski-lappersdorf.de\/index.php\/wp-json\/wp\/v2\/pages\/12\/revisions"}],"predecessor-version":[{"id":14,"href":"https:\/\/beta.ski-lappersdorf.de\/index.php\/wp-json\/wp\/v2\/pages\/12\/revisions\/14"}],"wp:attachment":[{"href":"https:\/\/beta.ski-lappersdorf.de\/index.php\/wp-json\/wp\/v2\/media?parent=12"}],"curies":[{"name":"wp","href":"https:\/\/api.w.org\/{rel}","templated":true}]}}